{"id":5587,"date":"2024-01-15T21:04:26","date_gmt":"2024-01-15T21:04:26","guid":{"rendered":"https:\/\/paka.pt\/paka-robotica\/mesa-giratoria-manual\/"},"modified":"2024-04-10T11:05:31","modified_gmt":"2024-04-10T11:05:31","slug":"mesa-giratoria-manual","status":"publish","type":"page","link":"https:\/\/paka.pt\/es\/paka-robotica\/mesa-giratoria-manual\/","title":{"rendered":"Mesa giratoria manual"},"content":{"rendered":"\t\t<div data-elementor-type=\"wp-page\" data-elementor-id=\"5587\" class=\"elementor elementor-5587 elementor-3267\" data-elementor-post-type=\"page\">\n\t\t\t\t<div class=\"elementor-element elementor-element-1a0226c e-flex e-con-boxed e-con e-parent\" data-id=\"1a0226c\" data-element_type=\"container\" data-settings=\"{&quot;background_background&quot;:&quot;classic&quot;,&quot;background_motion_fx_motion_fx_scrolling&quot;:&quot;yes&quot;,&quot;background_motion_fx_translateY_effect&quot;:&quot;yes&quot;,&quot;jet_parallax_layout_list&quot;:[],&quot;background_motion_fx_translateY_speed&quot;:{&quot;unit&quot;:&quot;px&quot;,&quot;size&quot;:4,&quot;sizes&quot;:[]},&quot;background_motion_fx_translateY_affectedRange&quot;:{&quot;unit&quot;:&quot;%&quot;,&quot;size&quot;:&quot;&quot;,&quot;sizes&quot;:{&quot;start&quot;:0,&quot;end&quot;:100}},&quot;background_motion_fx_devices&quot;:[&quot;desktop&quot;,&quot;tablet&quot;,&quot;mobile&quot;]}\">\n\t\t\t\t\t<div class=\"e-con-inner\">\n\t\t<div class=\"elementor-element elementor-element-33888be e-con-full e-flex e-con e-child\" data-id=\"33888be\" data-element_type=\"container\" data-settings=\"{&quot;jet_parallax_layout_list&quot;:[]}\">\n\t\t\t\t<div class=\"elementor-element elementor-element-b6ebe73 elementor-widget__width-initial elementor-invisible elementor-widget elementor-widget-heading\" data-id=\"b6ebe73\" data-element_type=\"widget\" data-settings=\"{&quot;_animation&quot;:&quot;fadeInDown&quot;}\" data-widget_type=\"heading.default\">\n\t\t\t\t<div class=\"elementor-widget-container\">\n\t\t\t<style>\/*! elementor - v3.21.0 - 18-04-2024 *\/\n.elementor-heading-title{padding:0;margin:0;line-height:1}.elementor-widget-heading .elementor-heading-title[class*=elementor-size-]>a{color:inherit;font-size:inherit;line-height:inherit}.elementor-widget-heading .elementor-heading-title.elementor-size-small{font-size:15px}.elementor-widget-heading .elementor-heading-title.elementor-size-medium{font-size:19px}.elementor-widget-heading .elementor-heading-title.elementor-size-large{font-size:29px}.elementor-widget-heading .elementor-heading-title.elementor-size-xl{font-size:39px}.elementor-widget-heading .elementor-heading-title.elementor-size-xxl{font-size:59px}<\/style><h2 class=\"elementor-heading-title elementor-size-default\">MESA GIRATORIA MANUAL<\/h2>\t\t<\/div>\n\t\t\t\t<\/div>\n\t\t\t\t<div class=\"elementor-element elementor-element-9287a02 elementor-invisible elementor-widget elementor-widget-heading\" data-id=\"9287a02\" data-element_type=\"widget\" data-settings=\"{&quot;_animation&quot;:&quot;fadeInDown&quot;}\" data-widget_type=\"heading.default\">\n\t\t\t\t<div class=\"elementor-widget-container\">\n\t\t\t<h2 class=\"elementor-heading-title elementor-size-default\">PK200 - 01<\/h2>\t\t<\/div>\n\t\t\t\t<\/div>\n\t\t\t\t<div class=\"elementor-element elementor-element-bbeb7d4 elementor-widget elementor-widget-spacer\" data-id=\"bbeb7d4\" data-element_type=\"widget\" data-widget_type=\"spacer.default\">\n\t\t\t\t<div class=\"elementor-widget-container\">\n\t\t\t<style>\/*! elementor - v3.21.0 - 18-04-2024 *\/\n.elementor-column .elementor-spacer-inner{height:var(--spacer-size)}.e-con{--container-widget-width:100%}.e-con-inner>.elementor-widget-spacer,.e-con>.elementor-widget-spacer{width:var(--container-widget-width,var(--spacer-size));--align-self:var(--container-widget-align-self,initial);--flex-shrink:0}.e-con-inner>.elementor-widget-spacer>.elementor-widget-container,.e-con>.elementor-widget-spacer>.elementor-widget-container{height:100%;width:100%}.e-con-inner>.elementor-widget-spacer>.elementor-widget-container>.elementor-spacer,.e-con>.elementor-widget-spacer>.elementor-widget-container>.elementor-spacer{height:100%}.e-con-inner>.elementor-widget-spacer>.elementor-widget-container>.elementor-spacer>.elementor-spacer-inner,.e-con>.elementor-widget-spacer>.elementor-widget-container>.elementor-spacer>.elementor-spacer-inner{height:var(--container-widget-height,var(--spacer-size))}.e-con-inner>.elementor-widget-spacer.elementor-widget-empty,.e-con>.elementor-widget-spacer.elementor-widget-empty{position:relative;min-height:22px;min-width:22px}.e-con-inner>.elementor-widget-spacer.elementor-widget-empty .elementor-widget-empty-icon,.e-con>.elementor-widget-spacer.elementor-widget-empty .elementor-widget-empty-icon{position:absolute;top:0;bottom:0;left:0;right:0;margin:auto;padding:0;width:22px;height:22px}<\/style>\t\t<div class=\"elementor-spacer\">\n\t\t\t<div class=\"elementor-spacer-inner\"><\/div>\n\t\t<\/div>\n\t\t\t\t<\/div>\n\t\t\t\t<\/div>\n\t\t\t\t<div class=\"elementor-element elementor-element-deefefd elementor-view-default elementor-widget elementor-widget-icon\" data-id=\"deefefd\" data-element_type=\"widget\" data-widget_type=\"icon.default\">\n\t\t\t\t<div class=\"elementor-widget-container\">\n\t\t\t\t\t<div class=\"elementor-icon-wrapper\">\n\t\t\t<a class=\"elementor-icon\" href=\"#elementor-action%3Aaction%3Dlightbox%26settings%3DeyJ0eXBlIjoidmlkZW8iLCJ2aWRlb1R5cGUiOiJob3N0ZWQiLCJ1cmwiOiJodHRwczpcL1wvcGFrYS5wdFwvdmlkZW9zXC9NZXNhX3JvdGF0aXZhX21hbnVhbF9QSzIwMC0wMS5tcDQifQ%3D%3D\">\n\t\t\t<svg aria-hidden=\"true\" class=\"e-font-icon-svg e-fas-play\" viewBox=\"0 0 448 512\" xmlns=\"http:\/\/www.w3.org\/2000\/svg\"><path d=\"M424.4 214.7L72.4 6.6C43.8-10.3 0 6.1 0 47.9V464c0 37.5 40.7 60.1 72.4 41.3l352-208c31.4-18.5 31.5-64.1 0-82.6z\"><\/path><\/svg>\t\t\t<\/a>\n\t\t<\/div>\n\t\t\t\t<\/div>\n\t\t\t\t<\/div>\n\t\t\t\t<\/div>\n\t\t<div class=\"elementor-element elementor-element-8ffa8dd e-flex e-con-boxed e-con e-child\" data-id=\"8ffa8dd\" data-element_type=\"container\" data-settings=\"{&quot;jet_parallax_layout_list&quot;:[]}\">\n\t\t\t\t\t<div class=\"e-con-inner\">\n\t\t\t\t<div class=\"elementor-element elementor-element-fb09a55 elementor-invisible elementor-widget elementor-widget-image\" data-id=\"fb09a55\" data-element_type=\"widget\" data-settings=\"{&quot;_animation&quot;:&quot;fadeInRight&quot;}\" data-widget_type=\"image.default\">\n\t\t\t\t<div class=\"elementor-widget-container\">\n\t\t\t<style>\/*! elementor - v3.21.0 - 18-04-2024 *\/\n.elementor-widget-image{text-align:center}.elementor-widget-image a{display:inline-block}.elementor-widget-image a img[src$=\".svg\"]{width:48px}.elementor-widget-image img{vertical-align:middle;display:inline-block}<\/style>\t\t\t\t\t\t\t\t\t\t<img fetchpriority=\"high\" decoding=\"async\" width=\"800\" height=\"664\" src=\"https:\/\/paka.pt\/wp-content\/uploads\/2024\/01\/PK200-01-1024x850.png\" class=\"attachment-large size-large wp-image-3361\" alt=\"\" srcset=\"https:\/\/paka.pt\/wp-content\/uploads\/2024\/01\/PK200-01-1024x850.png 1024w, https:\/\/paka.pt\/wp-content\/uploads\/2024\/01\/PK200-01-300x249.png 300w, https:\/\/paka.pt\/wp-content\/uploads\/2024\/01\/PK200-01-768x637.png 768w, https:\/\/paka.pt\/wp-content\/uploads\/2024\/01\/PK200-01.png 1200w\" sizes=\"(max-width: 800px) 100vw, 800px\" \/>\t\t\t\t\t\t\t\t\t\t\t\t\t<\/div>\n\t\t\t\t<\/div>\n\t\t\t\t\t<\/div>\n\t\t\t\t<\/div>\n\t\t\t\t\t<\/div>\n\t\t\t\t<\/div>\n\t\t<div class=\"elementor-element elementor-element-f621699 e-flex e-con-boxed e-con e-parent\" data-id=\"f621699\" data-element_type=\"container\" data-settings=\"{&quot;jet_parallax_layout_list&quot;:[]}\">\n\t\t\t\t\t<div class=\"e-con-inner\">\n\t\t\t\t<div class=\"elementor-element elementor-element-f3f07d1 elementor-widget elementor-widget-spacer\" data-id=\"f3f07d1\" data-element_type=\"widget\" data-widget_type=\"spacer.default\">\n\t\t\t\t<div class=\"elementor-widget-container\">\n\t\t\t\t\t<div class=\"elementor-spacer\">\n\t\t\t<div class=\"elementor-spacer-inner\"><\/div>\n\t\t<\/div>\n\t\t\t\t<\/div>\n\t\t\t\t<\/div>\n\t\t\t\t\t<\/div>\n\t\t\t\t<\/div>\n\t\t<div class=\"elementor-element elementor-element-3681b25 e-flex e-con-boxed e-con e-parent\" data-id=\"3681b25\" data-element_type=\"container\" data-settings=\"{&quot;jet_parallax_layout_list&quot;:[]}\">\n\t\t\t\t\t<div class=\"e-con-inner\">\n\t\t<div class=\"elementor-element elementor-element-4a3b372 e-con-full e-flex e-con e-child\" data-id=\"4a3b372\" data-element_type=\"container\" data-settings=\"{&quot;jet_parallax_layout_list&quot;:[]}\">\n\t\t\t\t<div class=\"elementor-element elementor-element-40d13a7 elementor-widget elementor-widget-text-editor\" data-id=\"40d13a7\" data-element_type=\"widget\" data-widget_type=\"text-editor.default\">\n\t\t\t\t<div class=\"elementor-widget-container\">\n\t\t\t<style>\/*! elementor - v3.21.0 - 18-04-2024 *\/\n.elementor-widget-text-editor.elementor-drop-cap-view-stacked .elementor-drop-cap{background-color:#69727d;color:#fff}.elementor-widget-text-editor.elementor-drop-cap-view-framed .elementor-drop-cap{color:#69727d;border:3px solid;background-color:transparent}.elementor-widget-text-editor:not(.elementor-drop-cap-view-default) .elementor-drop-cap{margin-top:8px}.elementor-widget-text-editor:not(.elementor-drop-cap-view-default) .elementor-drop-cap-letter{width:1em;height:1em}.elementor-widget-text-editor .elementor-drop-cap{float:left;text-align:center;line-height:1;font-size:50px}.elementor-widget-text-editor .elementor-drop-cap-letter{display:inline-block}<\/style>\t\t\t\t<p><strong>Descripci\u00f3n:  <\/strong><\/p>\n<p>. Celda cerrada con mesa giratoria de 2 posiciones<br \/>. 1 robot con fuente de alimentaci\u00f3n integrada (ver cat\u00e1logo Panasonic)<br \/>. Soluci\u00f3n ideal para soldadura MIG\/MAG<br \/>. F\u00e1cil manejo e instalaci\u00f3n<br \/>. Transporte f\u00e1cil<\/p>\n\t\t\t\t\t\t<\/div>\n\t\t\t\t<\/div>\n\t\t\t\t<\/div>\n\t\t<div class=\"elementor-element elementor-element-758a32f e-con-full e-flex e-con e-child\" data-id=\"758a32f\" data-element_type=\"container\" data-settings=\"{&quot;jet_parallax_layout_list&quot;:[]}\">\n\t\t\t\t<div class=\"elementor-element elementor-element-1936e25 gallery-spacing-custom elementor-widget elementor-widget-image-gallery\" data-id=\"1936e25\" data-element_type=\"widget\" data-widget_type=\"image-gallery.default\">\n\t\t\t\t<div class=\"elementor-widget-container\">\n\t\t\t<style>\/*! elementor - v3.21.0 - 18-04-2024 *\/\n.elementor-image-gallery .gallery-item{display:inline-block;text-align:center;vertical-align:top;width:100%;max-width:100%;margin:0 auto}.elementor-image-gallery .gallery-item img{margin:0 auto}.elementor-image-gallery .gallery-item .gallery-caption{margin:0}.elementor-image-gallery figure img{display:block}.elementor-image-gallery figure figcaption{width:100%}.gallery-spacing-custom .elementor-image-gallery .gallery-icon{padding:0}@media (min-width:768px){.elementor-image-gallery .gallery-columns-2 .gallery-item{max-width:50%}.elementor-image-gallery .gallery-columns-3 .gallery-item{max-width:33.33%}.elementor-image-gallery .gallery-columns-4 .gallery-item{max-width:25%}.elementor-image-gallery .gallery-columns-5 .gallery-item{max-width:20%}.elementor-image-gallery .gallery-columns-6 .gallery-item{max-width:16.666%}.elementor-image-gallery .gallery-columns-7 .gallery-item{max-width:14.28%}.elementor-image-gallery .gallery-columns-8 .gallery-item{max-width:12.5%}.elementor-image-gallery .gallery-columns-9 .gallery-item{max-width:11.11%}.elementor-image-gallery .gallery-columns-10 .gallery-item{max-width:10%}}@media (min-width:480px) and (max-width:767px){.elementor-image-gallery .gallery.gallery-columns-2 .gallery-item,.elementor-image-gallery .gallery.gallery-columns-3 .gallery-item,.elementor-image-gallery .gallery.gallery-columns-4 .gallery-item,.elementor-image-gallery .gallery.gallery-columns-5 .gallery-item,.elementor-image-gallery .gallery.gallery-columns-6 .gallery-item,.elementor-image-gallery .gallery.gallery-columns-7 .gallery-item,.elementor-image-gallery .gallery.gallery-columns-8 .gallery-item,.elementor-image-gallery .gallery.gallery-columns-9 .gallery-item,.elementor-image-gallery .gallery.gallery-columns-10 .gallery-item{max-width:50%}}@media (max-width:479px){.elementor-image-gallery .gallery.gallery-columns-2 .gallery-item,.elementor-image-gallery .gallery.gallery-columns-3 .gallery-item,.elementor-image-gallery .gallery.gallery-columns-4 .gallery-item,.elementor-image-gallery .gallery.gallery-columns-5 .gallery-item,.elementor-image-gallery .gallery.gallery-columns-6 .gallery-item,.elementor-image-gallery .gallery.gallery-columns-7 .gallery-item,.elementor-image-gallery .gallery.gallery-columns-8 .gallery-item,.elementor-image-gallery .gallery.gallery-columns-9 .gallery-item,.elementor-image-gallery .gallery.gallery-columns-10 .gallery-item{max-width:100%}}<\/style>\t\t<div class=\"elementor-image-gallery\">\n\t\t\t<div id='gallery-1' class='gallery galleryid-5587 gallery-columns-3 gallery-size-thumbnail'><figure class='gallery-item'>\n\t\t\t<div class='gallery-icon landscape'>\n\t\t\t\t<a data-elementor-open-lightbox=\"yes\" data-elementor-lightbox-slideshow=\"1936e25\" data-elementor-lightbox-title=\"PK200-01-1_site\" data-e-action-hash=\"#elementor-action%3Aaction%3Dlightbox%26settings%3DeyJpZCI6NTI4MiwidXJsIjoiaHR0cHM6XC9cL3Bha2EucHRcL3dwLWNvbnRlbnRcL3VwbG9hZHNcLzIwMjRcLzAxXC9QSzIwMC0wMS0xX3NpdGUuanBnIiwic2xpZGVzaG93IjoiMTkzNmUyNSJ9\" href='https:\/\/paka.pt\/wp-content\/uploads\/2024\/01\/PK200-01-1_site.jpg'><img decoding=\"async\" width=\"150\" height=\"150\" src=\"https:\/\/paka.pt\/wp-content\/uploads\/2024\/01\/PK200-01-1_site-150x150.jpg\" class=\"attachment-thumbnail size-thumbnail\" alt=\"\" \/><\/a>\n\t\t\t<\/div><\/figure><figure class='gallery-item'>\n\t\t\t<div class='gallery-icon landscape'>\n\t\t\t\t<a data-elementor-open-lightbox=\"yes\" data-elementor-lightbox-slideshow=\"1936e25\" data-elementor-lightbox-title=\"PK200-01-2_site\" data-e-action-hash=\"#elementor-action%3Aaction%3Dlightbox%26settings%3DeyJpZCI6NTI4NCwidXJsIjoiaHR0cHM6XC9cL3Bha2EucHRcL3dwLWNvbnRlbnRcL3VwbG9hZHNcLzIwMjRcLzAxXC9QSzIwMC0wMS0yX3NpdGUuanBnIiwic2xpZGVzaG93IjoiMTkzNmUyNSJ9\" href='https:\/\/paka.pt\/wp-content\/uploads\/2024\/01\/PK200-01-2_site.jpg'><img decoding=\"async\" width=\"150\" height=\"150\" src=\"https:\/\/paka.pt\/wp-content\/uploads\/2024\/01\/PK200-01-2_site-150x150.jpg\" class=\"attachment-thumbnail size-thumbnail\" alt=\"\" \/><\/a>\n\t\t\t<\/div><\/figure>\n\t\t<\/div>\n\t\t<\/div>\n\t\t\t\t<\/div>\n\t\t\t\t<\/div>\n\t\t\t\t<\/div>\n\t\t<div class=\"elementor-element elementor-element-a0b08f9 e-con-full e-flex e-con e-child\" data-id=\"a0b08f9\" data-element_type=\"container\" data-settings=\"{&quot;jet_parallax_layout_list&quot;:[]}\">\n\t\t\t\t<div class=\"elementor-element elementor-element-2d813a8 elementor-widget elementor-widget-template\" data-id=\"2d813a8\" data-element_type=\"widget\" data-widget_type=\"template.default\">\n\t\t\t\t<div class=\"elementor-widget-container\">\n\t\t\t\t\t<div class=\"elementor-template\">\n\t\t\t\t\t<div data-elementor-type=\"section\" data-elementor-id=\"5623\" class=\"elementor elementor-5623 elementor-3532\" data-elementor-post-type=\"elementor_library\">\n\t\t\t\t\t<div class=\"elementor-section-wrap\">\n\t\t\t\t\t\t<div class=\"elementor-element elementor-element-602b8d8 e-flex e-con-boxed e-con e-parent\" data-id=\"602b8d8\" data-element_type=\"container\" data-settings=\"{&quot;jet_parallax_layout_list&quot;:[]}\">\n\t\t\t\t\t<div class=\"e-con-inner\">\n\t\t\t\t<div class=\"elementor-element elementor-element-abc6b55 elementor-widget elementor-widget-button\" data-id=\"abc6b55\" data-element_type=\"widget\" data-widget_type=\"button.default\">\n\t\t\t\t<div class=\"elementor-widget-container\">\n\t\t\t\t\t<div class=\"elementor-button-wrapper\">\n\t\t\t<a class=\"elementor-button elementor-button-link elementor-size-sm\" href=\"https:\/\/paka.pt\/es\/pongase-en-contacto-con\/\">\n\t\t\t\t\t\t<span class=\"elementor-button-content-wrapper\">\n\t\t\t\t\t\t\t\t\t<span class=\"elementor-button-text\">Cont\u00e1ctenos<\/span>\n\t\t\t\t\t<\/span>\n\t\t\t\t\t<\/a>\n\t\t<\/div>\n\t\t\t\t<\/div>\n\t\t\t\t<\/div>\n\t\t\t\t\t<\/div>\n\t\t\t\t<\/div>\n\t\t\t\t\t\t\t<\/div>\n\t\t\t\t<\/div>\n\t\t\t\t<\/div>\n\t\t\t\t<\/div>\n\t\t\t\t<\/div>\n\t\t\t\t<\/div>\n\t\t\t\t\t<\/div>\n\t\t\t\t<\/div>\n\t\t\t\t<\/div>\n\t\t","protected":false},"excerpt":{"rendered":"<p>MESA GIRATORIA MANUAL PK200 &#8211; 01 Descripci\u00f3n: . Celda cerrada con mesa giratoria de 2 posiciones. 1 robot con fuente de alimentaci\u00f3n integrada (ver cat\u00e1logo Panasonic). Soluci\u00f3n ideal para soldadura MIG\/MAG. F\u00e1cil manejo e instalaci\u00f3n. Transporte f\u00e1cil<\/p>\n","protected":false},"author":1,"featured_media":0,"parent":5569,"menu_order":0,"comment_status":"closed","ping_status":"closed","template":"","meta":{"footnotes":""},"class_list":["post-5587","page","type-page","status-publish","hentry"],"yoast_head":"<!-- This site is optimized with the Yoast SEO plugin v22.6 - https:\/\/yoast.com\/wordpress\/plugins\/seo\/ -->\n<title>Mesa giratoria manual - Paka<\/title>\n<meta name=\"robots\" content=\"index, follow, max-snippet:-1, max-image-preview:large, max-video-preview:-1\" \/>\n<link rel=\"canonical\" href=\"https:\/\/paka.pt\/es\/paka-robotica\/mesa-giratoria-manual\/\" \/>\n<meta property=\"og:locale\" content=\"es_ES\" \/>\n<meta property=\"og:type\" content=\"article\" \/>\n<meta property=\"og:title\" content=\"Mesa giratoria manual - Paka\" \/>\n<meta property=\"og:description\" content=\"MESA GIRATORIA MANUAL PK200 &#8211; 01 Descripci\u00f3n: . Celda cerrada con mesa giratoria de 2 posiciones. 1 robot con fuente de alimentaci\u00f3n integrada (ver cat\u00e1logo Panasonic). Soluci\u00f3n ideal para soldadura MIG\/MAG. F\u00e1cil manejo e instalaci\u00f3n. Transporte f\u00e1cil\" \/>\n<meta property=\"og:url\" content=\"https:\/\/paka.pt\/es\/paka-robotica\/mesa-giratoria-manual\/\" \/>\n<meta property=\"og:site_name\" content=\"Paka\" \/>\n<meta property=\"article:publisher\" content=\"https:\/\/www.facebook.com\/PakaGroup\/\" \/>\n<meta property=\"article:modified_time\" content=\"2024-04-10T11:05:31+00:00\" \/>\n<meta property=\"og:image\" content=\"https:\/\/paka.pt\/wp-content\/uploads\/2024\/01\/PK200-01-1024x850.png\" \/>\n<meta name=\"twitter:card\" content=\"summary_large_image\" \/>\n<script type=\"application\/ld+json\" class=\"yoast-schema-graph\">{\"@context\":\"https:\/\/schema.org\",\"@graph\":[{\"@type\":\"WebPage\",\"@id\":\"https:\/\/paka.pt\/es\/paka-robotica\/mesa-giratoria-manual\/\",\"url\":\"https:\/\/paka.pt\/es\/paka-robotica\/mesa-giratoria-manual\/\",\"name\":\"Mesa giratoria manual - Paka\",\"isPartOf\":{\"@id\":\"https:\/\/paka.pt\/es\/#website\"},\"primaryImageOfPage\":{\"@id\":\"https:\/\/paka.pt\/es\/paka-robotica\/mesa-giratoria-manual\/#primaryimage\"},\"image\":{\"@id\":\"https:\/\/paka.pt\/es\/paka-robotica\/mesa-giratoria-manual\/#primaryimage\"},\"thumbnailUrl\":\"https:\/\/paka.pt\/wp-content\/uploads\/2024\/01\/PK200-01-1024x850.png\",\"datePublished\":\"2024-01-15T21:04:26+00:00\",\"dateModified\":\"2024-04-10T11:05:31+00:00\",\"breadcrumb\":{\"@id\":\"https:\/\/paka.pt\/es\/paka-robotica\/mesa-giratoria-manual\/#breadcrumb\"},\"inLanguage\":\"es\",\"potentialAction\":[{\"@type\":\"ReadAction\",\"target\":[\"https:\/\/paka.pt\/es\/paka-robotica\/mesa-giratoria-manual\/\"]}]},{\"@type\":\"ImageObject\",\"inLanguage\":\"es\",\"@id\":\"https:\/\/paka.pt\/es\/paka-robotica\/mesa-giratoria-manual\/#primaryimage\",\"url\":\"https:\/\/paka.pt\/wp-content\/uploads\/2024\/01\/PK200-01-1024x850.png\",\"contentUrl\":\"https:\/\/paka.pt\/wp-content\/uploads\/2024\/01\/PK200-01-1024x850.png\"},{\"@type\":\"BreadcrumbList\",\"@id\":\"https:\/\/paka.pt\/es\/paka-robotica\/mesa-giratoria-manual\/#breadcrumb\",\"itemListElement\":[{\"@type\":\"ListItem\",\"position\":1,\"name\":\"In\u00edcio\",\"item\":\"https:\/\/paka.pt\/es\/\"},{\"@type\":\"ListItem\",\"position\":2,\"name\":\"PAKA ROBOTICS\",\"item\":\"https:\/\/paka.pt\/es\/paka-robotics\/\"},{\"@type\":\"ListItem\",\"position\":3,\"name\":\"Mesa giratoria manual\"}]},{\"@type\":\"WebSite\",\"@id\":\"https:\/\/paka.pt\/es\/#website\",\"url\":\"https:\/\/paka.pt\/es\/\",\"name\":\"Paka\",\"description\":\"Solu\u00e7\u00f5es Robotizadas para a Ind\u00fastria\",\"publisher\":{\"@id\":\"https:\/\/paka.pt\/es\/#organization\"},\"potentialAction\":[{\"@type\":\"SearchAction\",\"target\":{\"@type\":\"EntryPoint\",\"urlTemplate\":\"https:\/\/paka.pt\/es\/?s={search_term_string}\"},\"query-input\":\"required name=search_term_string\"}],\"inLanguage\":\"es\"},{\"@type\":\"Organization\",\"@id\":\"https:\/\/paka.pt\/es\/#organization\",\"name\":\"Paka\",\"url\":\"https:\/\/paka.pt\/es\/\",\"logo\":{\"@type\":\"ImageObject\",\"inLanguage\":\"es\",\"@id\":\"https:\/\/paka.pt\/es\/#\/schema\/logo\/image\/\",\"url\":\"https:\/\/paka.pt\/wp-content\/uploads\/2024\/05\/LOGOTIPO_PAKAGROUP_72dpi.jpg\",\"contentUrl\":\"https:\/\/paka.pt\/wp-content\/uploads\/2024\/05\/LOGOTIPO_PAKAGROUP_72dpi.jpg\",\"width\":567,\"height\":216,\"caption\":\"Paka\"},\"image\":{\"@id\":\"https:\/\/paka.pt\/es\/#\/schema\/logo\/image\/\"},\"sameAs\":[\"https:\/\/www.facebook.com\/PakaGroup\/\",\"https:\/\/www.linkedin.com\/company\/paka-group\/\"]}]}<\/script>\n<!-- \/ Yoast SEO plugin. -->","yoast_head_json":{"title":"Mesa giratoria manual - Paka","robots":{"index":"index","follow":"follow","max-snippet":"max-snippet:-1","max-image-preview":"max-image-preview:large","max-video-preview":"max-video-preview:-1"},"canonical":"https:\/\/paka.pt\/es\/paka-robotica\/mesa-giratoria-manual\/","og_locale":"es_ES","og_type":"article","og_title":"Mesa giratoria manual - Paka","og_description":"MESA GIRATORIA MANUAL PK200 &#8211; 01 Descripci\u00f3n: . Celda cerrada con mesa giratoria de 2 posiciones. 1 robot con fuente de alimentaci\u00f3n integrada (ver cat\u00e1logo Panasonic). Soluci\u00f3n ideal para soldadura MIG\/MAG. F\u00e1cil manejo e instalaci\u00f3n. Transporte f\u00e1cil","og_url":"https:\/\/paka.pt\/es\/paka-robotica\/mesa-giratoria-manual\/","og_site_name":"Paka","article_publisher":"https:\/\/www.facebook.com\/PakaGroup\/","article_modified_time":"2024-04-10T11:05:31+00:00","og_image":[{"url":"https:\/\/paka.pt\/wp-content\/uploads\/2024\/01\/PK200-01-1024x850.png"}],"twitter_card":"summary_large_image","schema":{"@context":"https:\/\/schema.org","@graph":[{"@type":"WebPage","@id":"https:\/\/paka.pt\/es\/paka-robotica\/mesa-giratoria-manual\/","url":"https:\/\/paka.pt\/es\/paka-robotica\/mesa-giratoria-manual\/","name":"Mesa giratoria manual - Paka","isPartOf":{"@id":"https:\/\/paka.pt\/es\/#website"},"primaryImageOfPage":{"@id":"https:\/\/paka.pt\/es\/paka-robotica\/mesa-giratoria-manual\/#primaryimage"},"image":{"@id":"https:\/\/paka.pt\/es\/paka-robotica\/mesa-giratoria-manual\/#primaryimage"},"thumbnailUrl":"https:\/\/paka.pt\/wp-content\/uploads\/2024\/01\/PK200-01-1024x850.png","datePublished":"2024-01-15T21:04:26+00:00","dateModified":"2024-04-10T11:05:31+00:00","breadcrumb":{"@id":"https:\/\/paka.pt\/es\/paka-robotica\/mesa-giratoria-manual\/#breadcrumb"},"inLanguage":"es","potentialAction":[{"@type":"ReadAction","target":["https:\/\/paka.pt\/es\/paka-robotica\/mesa-giratoria-manual\/"]}]},{"@type":"ImageObject","inLanguage":"es","@id":"https:\/\/paka.pt\/es\/paka-robotica\/mesa-giratoria-manual\/#primaryimage","url":"https:\/\/paka.pt\/wp-content\/uploads\/2024\/01\/PK200-01-1024x850.png","contentUrl":"https:\/\/paka.pt\/wp-content\/uploads\/2024\/01\/PK200-01-1024x850.png"},{"@type":"BreadcrumbList","@id":"https:\/\/paka.pt\/es\/paka-robotica\/mesa-giratoria-manual\/#breadcrumb","itemListElement":[{"@type":"ListItem","position":1,"name":"In\u00edcio","item":"https:\/\/paka.pt\/es\/"},{"@type":"ListItem","position":2,"name":"PAKA ROBOTICS","item":"https:\/\/paka.pt\/es\/paka-robotics\/"},{"@type":"ListItem","position":3,"name":"Mesa giratoria manual"}]},{"@type":"WebSite","@id":"https:\/\/paka.pt\/es\/#website","url":"https:\/\/paka.pt\/es\/","name":"Paka","description":"Solu\u00e7\u00f5es Robotizadas para a Ind\u00fastria","publisher":{"@id":"https:\/\/paka.pt\/es\/#organization"},"potentialAction":[{"@type":"SearchAction","target":{"@type":"EntryPoint","urlTemplate":"https:\/\/paka.pt\/es\/?s={search_term_string}"},"query-input":"required name=search_term_string"}],"inLanguage":"es"},{"@type":"Organization","@id":"https:\/\/paka.pt\/es\/#organization","name":"Paka","url":"https:\/\/paka.pt\/es\/","logo":{"@type":"ImageObject","inLanguage":"es","@id":"https:\/\/paka.pt\/es\/#\/schema\/logo\/image\/","url":"https:\/\/paka.pt\/wp-content\/uploads\/2024\/05\/LOGOTIPO_PAKAGROUP_72dpi.jpg","contentUrl":"https:\/\/paka.pt\/wp-content\/uploads\/2024\/05\/LOGOTIPO_PAKAGROUP_72dpi.jpg","width":567,"height":216,"caption":"Paka"},"image":{"@id":"https:\/\/paka.pt\/es\/#\/schema\/logo\/image\/"},"sameAs":["https:\/\/www.facebook.com\/PakaGroup\/","https:\/\/www.linkedin.com\/company\/paka-group\/"]}]}},"_links":{"self":[{"href":"https:\/\/paka.pt\/es\/wp-json\/wp\/v2\/pages\/5587","targetHints":{"allow":["GET"]}}],"collection":[{"href":"https:\/\/paka.pt\/es\/wp-json\/wp\/v2\/pages"}],"about":[{"href":"https:\/\/paka.pt\/es\/wp-json\/wp\/v2\/types\/page"}],"author":[{"embeddable":true,"href":"https:\/\/paka.pt\/es\/wp-json\/wp\/v2\/users\/1"}],"replies":[{"embeddable":true,"href":"https:\/\/paka.pt\/es\/wp-json\/wp\/v2\/comments?post=5587"}],"version-history":[{"count":3,"href":"https:\/\/paka.pt\/es\/wp-json\/wp\/v2\/pages\/5587\/revisions"}],"predecessor-version":[{"id":5958,"href":"https:\/\/paka.pt\/es\/wp-json\/wp\/v2\/pages\/5587\/revisions\/5958"}],"up":[{"embeddable":true,"href":"https:\/\/paka.pt\/es\/wp-json\/wp\/v2\/pages\/5569"}],"wp:attachment":[{"href":"https:\/\/paka.pt\/es\/wp-json\/wp\/v2\/media?parent=5587"}],"curies":[{"name":"wp","href":"https:\/\/api.w.org\/{rel}","templated":true}]}}