{"id":5717,"date":"2024-02-19T21:21:13","date_gmt":"2024-02-19T21:21:13","guid":{"rendered":"https:\/\/paka.pt\/consumer-conflict-resolution\/"},"modified":"2024-04-08T14:13:04","modified_gmt":"2024-04-08T14:13:04","slug":"consumer-conflict-resolution","status":"publish","type":"page","link":"https:\/\/paka.pt\/en\/consumer-conflict-resolution\/","title":{"rendered":"Consumer Conflict Resolution"},"content":{"rendered":"\t\t<div data-elementor-type=\"wp-page\" data-elementor-id=\"5717\" class=\"elementor elementor-5717 elementor-3830\" data-elementor-post-type=\"page\">\n\t\t\t\t<div class=\"elementor-element elementor-element-dbd4857 e-flex e-con-boxed e-con e-parent\" data-id=\"dbd4857\" data-element_type=\"container\" data-settings=\"{&quot;background_background&quot;:&quot;classic&quot;,&quot;background_motion_fx_motion_fx_scrolling&quot;:&quot;yes&quot;,&quot;background_motion_fx_translateY_effect&quot;:&quot;yes&quot;,&quot;jet_parallax_layout_list&quot;:[],&quot;background_motion_fx_translateY_speed&quot;:{&quot;unit&quot;:&quot;px&quot;,&quot;size&quot;:4,&quot;sizes&quot;:[]},&quot;background_motion_fx_translateY_affectedRange&quot;:{&quot;unit&quot;:&quot;%&quot;,&quot;size&quot;:&quot;&quot;,&quot;sizes&quot;:{&quot;start&quot;:0,&quot;end&quot;:100}},&quot;background_motion_fx_devices&quot;:[&quot;desktop&quot;,&quot;tablet&quot;,&quot;mobile&quot;]}\">\n\t\t\t\t\t<div class=\"e-con-inner\">\n\t\t\t\t<div class=\"elementor-element elementor-element-164f63c elementor-invisible elementor-widget elementor-widget-heading\" data-id=\"164f63c\" data-element_type=\"widget\" data-settings=\"{&quot;_animation&quot;:&quot;fadeInDown&quot;}\" data-widget_type=\"heading.default\">\n\t\t\t\t<div class=\"elementor-widget-container\">\n\t\t\t<style>\/*! elementor - v3.21.0 - 18-04-2024 *\/\n.elementor-heading-title{padding:0;margin:0;line-height:1}.elementor-widget-heading .elementor-heading-title[class*=elementor-size-]>a{color:inherit;font-size:inherit;line-height:inherit}.elementor-widget-heading .elementor-heading-title.elementor-size-small{font-size:15px}.elementor-widget-heading .elementor-heading-title.elementor-size-medium{font-size:19px}.elementor-widget-heading .elementor-heading-title.elementor-size-large{font-size:29px}.elementor-widget-heading .elementor-heading-title.elementor-size-xl{font-size:39px}.elementor-widget-heading .elementor-heading-title.elementor-size-xxl{font-size:59px}<\/style><h2 class=\"elementor-heading-title elementor-size-default\">RESOLVING CONSUMER DISPUTES<\/h2>\t\t<\/div>\n\t\t\t\t<\/div>\n\t\t\t\t\t<\/div>\n\t\t\t\t<\/div>\n\t\t<div class=\"elementor-element elementor-element-16abee7d e-flex e-con-boxed e-con e-parent\" data-id=\"16abee7d\" data-element_type=\"container\" data-settings=\"{&quot;jet_parallax_layout_list&quot;:[]}\">\n\t\t\t\t\t<div class=\"e-con-inner\">\n\t\t\t\t<div class=\"elementor-element elementor-element-36cbb9c4 elementor-widget elementor-widget-text-editor\" data-id=\"36cbb9c4\" data-element_type=\"widget\" data-widget_type=\"text-editor.default\">\n\t\t\t\t<div class=\"elementor-widget-container\">\n\t\t\t<style>\/*! elementor - v3.21.0 - 18-04-2024 *\/\n.elementor-widget-text-editor.elementor-drop-cap-view-stacked .elementor-drop-cap{background-color:#69727d;color:#fff}.elementor-widget-text-editor.elementor-drop-cap-view-framed .elementor-drop-cap{color:#69727d;border:3px solid;background-color:transparent}.elementor-widget-text-editor:not(.elementor-drop-cap-view-default) .elementor-drop-cap{margin-top:8px}.elementor-widget-text-editor:not(.elementor-drop-cap-view-default) .elementor-drop-cap-letter{width:1em;height:1em}.elementor-widget-text-editor .elementor-drop-cap{float:left;text-align:center;line-height:1;font-size:50px}.elementor-widget-text-editor .elementor-drop-cap-letter{display:inline-block}<\/style>\t\t\t\t\n<p>In the event of a dispute, the consumer can turn to one of the following consumer arbitration centers (choose the one that applies to the area covered by the center):<\/p>\n\n\n\n<ul>\n<li><strong>CNIACC &#8211; National Center for Consumer Conflict Information and Arbitration<br>Rua D. Afonso Henriques 1,&nbsp;4700-030 Braga<br><a href=\"https:\/\/www.cniacc.pt\/pt\/\" target=\"_blank\" rel=\"noreferrer noopener\">www.cniacc.pt<\/a><\/strong><\/li>\n\n\n\n<li><strong>Consumer Conflict Arbitration Center of the District of Coimbra<br>Av. Fern\u00e3o Magalh\u00e3es, N\u00ba 240, 1\u00ba, 3000-172 Coimbra<br><\/strong><a href=\"http:\/\/www.centrodearbitragemdecoimbra.com\/\" target=\"_blank\" rel=\"noreferrer noopener\"><strong>www.centrodearbitragemdecoimbra.com<\/strong><\/a><\/li>\n<\/ul>\n\n\n\n<p>(Article 18, Law no. 144\/2015, of September 8) | More information on the consumer portal:&nbsp;<a href=\"http:\/\/www.consumidor.pt\/\" target=\"_blank\" rel=\"noreferrer noopener\">\n  <strong>www.consumidor.pt<\/strong>\n<\/a><\/p>\n\t\t\t\t\t\t<\/div>\n\t\t\t\t<\/div>\n\t\t\t\t\t<\/div>\n\t\t\t\t<\/div>\n\t\t\t\t<\/div>\n\t\t","protected":false},"excerpt":{"rendered":"<p>RESOLVING CONSUMER DISPUTES In the event of a dispute, the consumer can turn to one of the following consumer arbitration centers (choose the one that applies to the area covered by the center): CNIACC &#8211; National Center for Consumer Conflict Information and ArbitrationRua D. Afonso Henriques 1,&nbsp;4700-030 Bragawww.cniacc.pt Consumer Conflict Arbitration Center of the District [&hellip;]<\/p>\n","protected":false},"author":1,"featured_media":0,"parent":0,"menu_order":0,"comment_status":"closed","ping_status":"closed","template":"","meta":{"footnotes":""},"class_list":["post-5717","page","type-page","status-publish","hentry"],"yoast_head":"<!-- This site is optimized with the Yoast SEO plugin v22.6 - https:\/\/yoast.com\/wordpress\/plugins\/seo\/ -->\n<title>Consumer Conflict Resolution - Paka<\/title>\n<meta name=\"robots\" content=\"index, follow, max-snippet:-1, max-image-preview:large, max-video-preview:-1\" \/>\n<link rel=\"canonical\" href=\"https:\/\/paka.pt\/en\/consumer-conflict-resolution\/\" \/>\n<meta property=\"og:locale\" content=\"en_US\" \/>\n<meta property=\"og:type\" content=\"article\" \/>\n<meta property=\"og:title\" content=\"Consumer Conflict Resolution - Paka\" \/>\n<meta property=\"og:description\" content=\"RESOLVING CONSUMER DISPUTES In the event of a dispute, the consumer can turn to one of the following consumer arbitration centers (choose the one that applies to the area covered by the center): CNIACC &#8211; National Center for Consumer Conflict Information and ArbitrationRua D. Afonso Henriques 1,&nbsp;4700-030 Bragawww.cniacc.pt Consumer Conflict Arbitration Center of the District [&hellip;]\" \/>\n<meta property=\"og:url\" content=\"https:\/\/paka.pt\/en\/consumer-conflict-resolution\/\" \/>\n<meta property=\"og:site_name\" content=\"Paka\" \/>\n<meta property=\"article:publisher\" content=\"https:\/\/www.facebook.com\/PakaGroup\/\" \/>\n<meta property=\"article:modified_time\" content=\"2024-04-08T14:13:04+00:00\" \/>\n<meta name=\"twitter:card\" content=\"summary_large_image\" \/>\n<script type=\"application\/ld+json\" class=\"yoast-schema-graph\">{\"@context\":\"https:\/\/schema.org\",\"@graph\":[{\"@type\":\"WebPage\",\"@id\":\"https:\/\/paka.pt\/en\/consumer-conflict-resolution\/\",\"url\":\"https:\/\/paka.pt\/en\/consumer-conflict-resolution\/\",\"name\":\"Consumer Conflict Resolution - Paka\",\"isPartOf\":{\"@id\":\"https:\/\/paka.pt\/en\/#website\"},\"datePublished\":\"2024-02-19T21:21:13+00:00\",\"dateModified\":\"2024-04-08T14:13:04+00:00\",\"breadcrumb\":{\"@id\":\"https:\/\/paka.pt\/en\/consumer-conflict-resolution\/#breadcrumb\"},\"inLanguage\":\"en-US\",\"potentialAction\":[{\"@type\":\"ReadAction\",\"target\":[\"https:\/\/paka.pt\/en\/consumer-conflict-resolution\/\"]}]},{\"@type\":\"BreadcrumbList\",\"@id\":\"https:\/\/paka.pt\/en\/consumer-conflict-resolution\/#breadcrumb\",\"itemListElement\":[{\"@type\":\"ListItem\",\"position\":1,\"name\":\"In\u00edcio\",\"item\":\"https:\/\/paka.pt\/en\/home\/\"},{\"@type\":\"ListItem\",\"position\":2,\"name\":\"Consumer Conflict Resolution\"}]},{\"@type\":\"WebSite\",\"@id\":\"https:\/\/paka.pt\/en\/#website\",\"url\":\"https:\/\/paka.pt\/en\/\",\"name\":\"Paka\",\"description\":\"Solu\u00e7\u00f5es Robotizadas para a Ind\u00fastria\",\"publisher\":{\"@id\":\"https:\/\/paka.pt\/en\/#organization\"},\"potentialAction\":[{\"@type\":\"SearchAction\",\"target\":{\"@type\":\"EntryPoint\",\"urlTemplate\":\"https:\/\/paka.pt\/en\/?s={search_term_string}\"},\"query-input\":\"required name=search_term_string\"}],\"inLanguage\":\"en-US\"},{\"@type\":\"Organization\",\"@id\":\"https:\/\/paka.pt\/en\/#organization\",\"name\":\"Paka\",\"url\":\"https:\/\/paka.pt\/en\/\",\"logo\":{\"@type\":\"ImageObject\",\"inLanguage\":\"en-US\",\"@id\":\"https:\/\/paka.pt\/en\/#\/schema\/logo\/image\/\",\"url\":\"https:\/\/paka.pt\/wp-content\/uploads\/2024\/05\/LOGOTIPO_PAKAGROUP_72dpi.jpg\",\"contentUrl\":\"https:\/\/paka.pt\/wp-content\/uploads\/2024\/05\/LOGOTIPO_PAKAGROUP_72dpi.jpg\",\"width\":567,\"height\":216,\"caption\":\"Paka\"},\"image\":{\"@id\":\"https:\/\/paka.pt\/en\/#\/schema\/logo\/image\/\"},\"sameAs\":[\"https:\/\/www.facebook.com\/PakaGroup\/\",\"https:\/\/www.linkedin.com\/company\/paka-group\/\"]}]}<\/script>\n<!-- \/ Yoast SEO plugin. -->","yoast_head_json":{"title":"Consumer Conflict Resolution - Paka","robots":{"index":"index","follow":"follow","max-snippet":"max-snippet:-1","max-image-preview":"max-image-preview:large","max-video-preview":"max-video-preview:-1"},"canonical":"https:\/\/paka.pt\/en\/consumer-conflict-resolution\/","og_locale":"en_US","og_type":"article","og_title":"Consumer Conflict Resolution - Paka","og_description":"RESOLVING CONSUMER DISPUTES In the event of a dispute, the consumer can turn to one of the following consumer arbitration centers (choose the one that applies to the area covered by the center): CNIACC &#8211; National Center for Consumer Conflict Information and ArbitrationRua D. Afonso Henriques 1,&nbsp;4700-030 Bragawww.cniacc.pt Consumer Conflict Arbitration Center of the District [&hellip;]","og_url":"https:\/\/paka.pt\/en\/consumer-conflict-resolution\/","og_site_name":"Paka","article_publisher":"https:\/\/www.facebook.com\/PakaGroup\/","article_modified_time":"2024-04-08T14:13:04+00:00","twitter_card":"summary_large_image","schema":{"@context":"https:\/\/schema.org","@graph":[{"@type":"WebPage","@id":"https:\/\/paka.pt\/en\/consumer-conflict-resolution\/","url":"https:\/\/paka.pt\/en\/consumer-conflict-resolution\/","name":"Consumer Conflict Resolution - Paka","isPartOf":{"@id":"https:\/\/paka.pt\/en\/#website"},"datePublished":"2024-02-19T21:21:13+00:00","dateModified":"2024-04-08T14:13:04+00:00","breadcrumb":{"@id":"https:\/\/paka.pt\/en\/consumer-conflict-resolution\/#breadcrumb"},"inLanguage":"en-US","potentialAction":[{"@type":"ReadAction","target":["https:\/\/paka.pt\/en\/consumer-conflict-resolution\/"]}]},{"@type":"BreadcrumbList","@id":"https:\/\/paka.pt\/en\/consumer-conflict-resolution\/#breadcrumb","itemListElement":[{"@type":"ListItem","position":1,"name":"In\u00edcio","item":"https:\/\/paka.pt\/en\/home\/"},{"@type":"ListItem","position":2,"name":"Consumer Conflict Resolution"}]},{"@type":"WebSite","@id":"https:\/\/paka.pt\/en\/#website","url":"https:\/\/paka.pt\/en\/","name":"Paka","description":"Solu\u00e7\u00f5es Robotizadas para a Ind\u00fastria","publisher":{"@id":"https:\/\/paka.pt\/en\/#organization"},"potentialAction":[{"@type":"SearchAction","target":{"@type":"EntryPoint","urlTemplate":"https:\/\/paka.pt\/en\/?s={search_term_string}"},"query-input":"required name=search_term_string"}],"inLanguage":"en-US"},{"@type":"Organization","@id":"https:\/\/paka.pt\/en\/#organization","name":"Paka","url":"https:\/\/paka.pt\/en\/","logo":{"@type":"ImageObject","inLanguage":"en-US","@id":"https:\/\/paka.pt\/en\/#\/schema\/logo\/image\/","url":"https:\/\/paka.pt\/wp-content\/uploads\/2024\/05\/LOGOTIPO_PAKAGROUP_72dpi.jpg","contentUrl":"https:\/\/paka.pt\/wp-content\/uploads\/2024\/05\/LOGOTIPO_PAKAGROUP_72dpi.jpg","width":567,"height":216,"caption":"Paka"},"image":{"@id":"https:\/\/paka.pt\/en\/#\/schema\/logo\/image\/"},"sameAs":["https:\/\/www.facebook.com\/PakaGroup\/","https:\/\/www.linkedin.com\/company\/paka-group\/"]}]}},"_links":{"self":[{"href":"https:\/\/paka.pt\/en\/wp-json\/wp\/v2\/pages\/5717","targetHints":{"allow":["GET"]}}],"collection":[{"href":"https:\/\/paka.pt\/en\/wp-json\/wp\/v2\/pages"}],"about":[{"href":"https:\/\/paka.pt\/en\/wp-json\/wp\/v2\/types\/page"}],"author":[{"embeddable":true,"href":"https:\/\/paka.pt\/en\/wp-json\/wp\/v2\/users\/1"}],"replies":[{"embeddable":true,"href":"https:\/\/paka.pt\/en\/wp-json\/wp\/v2\/comments?post=5717"}],"version-history":[{"count":7,"href":"https:\/\/paka.pt\/en\/wp-json\/wp\/v2\/pages\/5717\/revisions"}],"predecessor-version":[{"id":5747,"href":"https:\/\/paka.pt\/en\/wp-json\/wp\/v2\/pages\/5717\/revisions\/5747"}],"wp:attachment":[{"href":"https:\/\/paka.pt\/en\/wp-json\/wp\/v2\/media?parent=5717"}],"curies":[{"name":"wp","href":"https:\/\/api.w.org\/{rel}","templated":true}]}}